{"id":587,"date":"2019-07-25T19:00:09","date_gmt":"2019-07-25T17:00:09","guid":{"rendered":"https:\/\/a-trips.sk\/?page_id=587"},"modified":"2023-06-26T17:24:37","modified_gmt":"2023-06-26T15:24:37","slug":"about-me","status":"publish","type":"page","link":"https:\/\/a-trips.sk\/en\/about-me\/","title":{"rendered":"WHAT DO I DO?"},"content":{"rendered":"<p><strong><em><span style=\"color: #333399;\">What I do:<\/span><\/em><\/strong><\/p>\n<ul>\n<li>writing articles about vacation destinations<\/li>\n<li>writing reviews of accommodations, hotels<\/li>\n<li>creation of itineraries for your holiday<\/li>\n<li>advices and tips for tourists<\/li>\n<li>teaching and tutoring Italian, Croatian, Albanian, Latin and other languages<\/li>\n<li>informative presentations<\/li>\n<li>clothing collections for children's homes and charity work<\/li>\n<\/ul>","protected":false},"excerpt":{"rendered":"<p>\u010c\u00edm sa zaober\u00e1m: p\u00edsanie \u010dl\u00e1nkov o dovolenkov\u00fdch destin\u00e1ci\u00e1ch p\u00edsanie recenzi\u00ed ubytovac\u00edch zariaden\u00ed tvorba itiner\u00e1rov rady a tipy pre turistov v\u00fduka a dou\u010dovanie talian\u010diny, chorv\u00e1t\u010diny, alb\u00e1n\u010diny, latin\u010diny a in\u00fdch jazykov pou\u010dn\u00e9 predn\u00e1\u0161ky zbierky oble\u010denia pre detsk\u00e9 domovy a charitat\u00edvna \u010dinnos\u0165<\/p>","protected":false},"author":2,"featured_media":0,"parent":0,"menu_order":0,"comment_status":"closed","ping_status":"closed","template":"showcase.php","meta":{"_monsterinsights_skip_tracking":false,"_monsterinsights_sitenote_active":false,"_monsterinsights_sitenote_note":"","_monsterinsights_sitenote_category":0,"footnotes":""},"class_list":["post-587","page","type-page","status-publish","hentry"],"yoast_head":"<!-- This site is optimized with the Yoast SEO plugin v20.1 - https:\/\/yoast.com\/wordpress\/plugins\/seo\/ -->\n<title>\u010cO ROB\u00cdM? - A-TRIPS<\/title>\n<meta name=\"robots\" content=\"index, follow, max-snippet:-1, max-image-preview:large, max-video-preview:-1\" \/>\n<link rel=\"canonical\" href=\"https:\/\/a-trips.sk\/en\/about-me\/\" \/>\n<meta property=\"og:locale\" content=\"en_US\" \/>\n<meta property=\"og:type\" content=\"article\" \/>\n<meta property=\"og:title\" content=\"\u010cO ROB\u00cdM? - A-TRIPS\" \/>\n<meta property=\"og:description\" content=\"\u010c\u00edm sa zaober\u00e1m: p\u00edsanie \u010dl\u00e1nkov o dovolenkov\u00fdch destin\u00e1ci\u00e1ch p\u00edsanie recenzi\u00ed ubytovac\u00edch zariaden\u00ed tvorba itiner\u00e1rov rady a tipy pre turistov v\u00fduka a dou\u010dovanie talian\u010diny, chorv\u00e1t\u010diny, alb\u00e1n\u010diny, latin\u010diny a in\u00fdch jazykov pou\u010dn\u00e9 predn\u00e1\u0161ky zbierky oble\u010denia pre detsk\u00e9 domovy a charitat\u00edvna \u010dinnos\u0165\" \/>\n<meta property=\"og:url\" content=\"https:\/\/a-trips.sk\/en\/about-me\/\" \/>\n<meta property=\"og:site_name\" content=\"A-TRIPS\" \/>\n<meta property=\"article:modified_time\" content=\"2023-06-26T15:24:37+00:00\" \/>\n<meta name=\"twitter:card\" content=\"summary_large_image\" \/>\n<meta name=\"twitter:label1\" content=\"Est. reading time\" \/>\n\t<meta name=\"twitter:data1\" content=\"1 minute\" \/>\n<script type=\"application\/ld+json\" class=\"yoast-schema-graph\">{\"@context\":\"https:\/\/schema.org\",\"@graph\":[{\"@type\":\"WebPage\",\"@id\":\"https:\/\/a-trips.sk\/about-me\/\",\"url\":\"https:\/\/a-trips.sk\/about-me\/\",\"name\":\"\u010cO ROB\u00cdM? - A-TRIPS\",\"isPartOf\":{\"@id\":\"https:\/\/a-trips.sk\/#website\"},\"datePublished\":\"2019-07-25T17:00:09+00:00\",\"dateModified\":\"2023-06-26T15:24:37+00:00\",\"breadcrumb\":{\"@id\":\"https:\/\/a-trips.sk\/about-me\/#breadcrumb\"},\"inLanguage\":\"en-US\",\"potentialAction\":[{\"@type\":\"ReadAction\",\"target\":[\"https:\/\/a-trips.sk\/about-me\/\"]}]},{\"@type\":\"BreadcrumbList\",\"@id\":\"https:\/\/a-trips.sk\/about-me\/#breadcrumb\",\"itemListElement\":[{\"@type\":\"ListItem\",\"position\":1,\"name\":\"Home\",\"item\":\"https:\/\/a-trips.sk\/\"},{\"@type\":\"ListItem\",\"position\":2,\"name\":\"\u010cO ROB\u00cdM?\"}]},{\"@type\":\"WebSite\",\"@id\":\"https:\/\/a-trips.sk\/#website\",\"url\":\"https:\/\/a-trips.sk\/\",\"name\":\"A-TRIPS\",\"description\":\"&quot; Cho\u010f, urob si n\u00e1zor, nau\u010d sa! &quot;\",\"potentialAction\":[{\"@type\":\"SearchAction\",\"target\":{\"@type\":\"EntryPoint\",\"urlTemplate\":\"https:\/\/a-trips.sk\/?s={search_term_string}\"},\"query-input\":\"required name=search_term_string\"}],\"inLanguage\":\"en-US\"}]}<\/script>\n<!-- \/ Yoast SEO plugin. -->","yoast_head_json":{"title":"\u010cO ROB\u00cdM? - A-TRIPS","robots":{"index":"index","follow":"follow","max-snippet":"max-snippet:-1","max-image-preview":"max-image-preview:large","max-video-preview":"max-video-preview:-1"},"canonical":"https:\/\/a-trips.sk\/en\/about-me\/","og_locale":"en_US","og_type":"article","og_title":"\u010cO ROB\u00cdM? - A-TRIPS","og_description":"\u010c\u00edm sa zaober\u00e1m: p\u00edsanie \u010dl\u00e1nkov o dovolenkov\u00fdch destin\u00e1ci\u00e1ch p\u00edsanie recenzi\u00ed ubytovac\u00edch zariaden\u00ed tvorba itiner\u00e1rov rady a tipy pre turistov v\u00fduka a dou\u010dovanie talian\u010diny, chorv\u00e1t\u010diny, alb\u00e1n\u010diny, latin\u010diny a in\u00fdch jazykov pou\u010dn\u00e9 predn\u00e1\u0161ky zbierky oble\u010denia pre detsk\u00e9 domovy a charitat\u00edvna \u010dinnos\u0165","og_url":"https:\/\/a-trips.sk\/en\/about-me\/","og_site_name":"A-TRIPS","article_modified_time":"2023-06-26T15:24:37+00:00","twitter_card":"summary_large_image","twitter_misc":{"Est. reading time":"1 minute"},"schema":{"@context":"https:\/\/schema.org","@graph":[{"@type":"WebPage","@id":"https:\/\/a-trips.sk\/about-me\/","url":"https:\/\/a-trips.sk\/about-me\/","name":"\u010cO ROB\u00cdM? - A-TRIPS","isPartOf":{"@id":"https:\/\/a-trips.sk\/#website"},"datePublished":"2019-07-25T17:00:09+00:00","dateModified":"2023-06-26T15:24:37+00:00","breadcrumb":{"@id":"https:\/\/a-trips.sk\/about-me\/#breadcrumb"},"inLanguage":"en-US","potentialAction":[{"@type":"ReadAction","target":["https:\/\/a-trips.sk\/about-me\/"]}]},{"@type":"BreadcrumbList","@id":"https:\/\/a-trips.sk\/about-me\/#breadcrumb","itemListElement":[{"@type":"ListItem","position":1,"name":"Home","item":"https:\/\/a-trips.sk\/"},{"@type":"ListItem","position":2,"name":"\u010cO ROB\u00cdM?"}]},{"@type":"WebSite","@id":"https:\/\/a-trips.sk\/#website","url":"https:\/\/a-trips.sk\/","name":"A-TRIPS","description":"&quot; Cho\u010f, urob si n\u00e1zor, nau\u010d sa! &quot;","potentialAction":[{"@type":"SearchAction","target":{"@type":"EntryPoint","urlTemplate":"https:\/\/a-trips.sk\/?s={search_term_string}"},"query-input":"required name=search_term_string"}],"inLanguage":"en-US"}]}},"_links":{"self":[{"href":"https:\/\/a-trips.sk\/en\/wp-json\/wp\/v2\/pages\/587","targetHints":{"allow":["GET"]}}],"collection":[{"href":"https:\/\/a-trips.sk\/en\/wp-json\/wp\/v2\/pages"}],"about":[{"href":"https:\/\/a-trips.sk\/en\/wp-json\/wp\/v2\/types\/page"}],"author":[{"embeddable":true,"href":"https:\/\/a-trips.sk\/en\/wp-json\/wp\/v2\/users\/2"}],"replies":[{"embeddable":true,"href":"https:\/\/a-trips.sk\/en\/wp-json\/wp\/v2\/comments?post=587"}],"version-history":[{"count":4,"href":"https:\/\/a-trips.sk\/en\/wp-json\/wp\/v2\/pages\/587\/revisions"}],"predecessor-version":[{"id":22353,"href":"https:\/\/a-trips.sk\/en\/wp-json\/wp\/v2\/pages\/587\/revisions\/22353"}],"wp:attachment":[{"href":"https:\/\/a-trips.sk\/en\/wp-json\/wp\/v2\/media?parent=587"}],"curies":[{"name":"wp","href":"https:\/\/api.w.org\/{rel}","templated":true}]}}