{"id":1315,"date":"2020-12-12T18:35:06","date_gmt":"2020-12-12T17:35:06","guid":{"rendered":"https:\/\/a-trips.sk\/?page_id=1315"},"modified":"2023-06-26T17:23:28","modified_gmt":"2023-06-26T15:23:28","slug":"learn-a-language","status":"publish","type":"page","link":"https:\/\/a-trips.sk\/en\/learn-a-language\/","title":{"rendered":"A &#8211; LANGUAGES"},"content":{"rendered":"<h2 class=\"wp-block-heading\"><mark style=\"background-color:rgba(0, 0, 0, 0)\" class=\"has-inline-color has-vivid-cyan-blue-color\">WELCOME TO THE WORLD OF LANGUAGES<\/mark><\/h2>\n\n\n\n<p><strong><span class=\"has-inline-color has-pale-pink-color\">Do you like to travel and do you think language is a must-have for a tourist? Are you interested in non-traditional languages that no one in your area speaks? Do you like to explore things in depth and differ from others in your knowledge? Are you doing research and need help? Are you writing a thesis and want advice? \u2026..or are you just interested in what you will find here? Do not hesitate and choose!<\/span><\/strong><\/p>\n\n\n\n<ol class=\"wp-block-list\">\n<li><strong>ONLINE LANGUAGE LESSONS:<mark style=\"background-color:rgba(0, 0, 0, 0)\" class=\"has-inline-color has-vivid-green-cyan-color\">  ITALIAN, CROATIAN, ALBANIAN, LATIN<\/mark><\/strong><br>The course is intended for anyone who wants to learn a foreign language or needs to improve in it, regardless of age and level. The advantage is that I focus mostly on communication, creating  own sentences, creativity and trying to teach the ability to think in the language. I always try to find the way that best suits the student.<br><br><\/li>\n\n\n\n<li><mark style=\"background-color:rgba(0, 0, 0, 0)\" class=\"has-inline-color has-vivid-cyan-blue-color\"><strong>TASTE THE LANGUAGE -<\/strong> <\/mark><mark style=\"background-color:rgba(0, 0, 0, 0)\" class=\"has-inline-color has-vivid-green-cyan-color\"><strong>ALBANIAN, CROATIAN, ROMANIAN, GREEK, HUNGARIAN, TURKISH, ITALIAN, SPANISH, LATIN, ANCIENT GREEK<\/strong><\/mark><br>Taste the language is a one-time course, the aim of which is to familiarize yourself with the culture and language. It is intended for those who are interested and thinking about starting to learn a foreign language, but are not yet fully decided. You will learn a lot of new facts about the history of the language, the structure and grammar of the language, you will see several demonstrations, you will learn to read in the given language. All this in an interesting and cheerful way that motivates you to make the right decision. <br><br><\/li>\n\n\n\n<li><strong><mark style=\"background-color:rgba(0, 0, 0, 0)\" class=\"has-inline-color has-vivid-cyan-blue-color\">LET'S LEARN TO WRITE AND READ<\/mark> &#8211; <mark style=\"background-color:rgba(0, 0, 0, 0)\" class=\"has-inline-color has-vivid-green-cyan-color\">GREEK, ANCIENT GREEK, BULGARIAN, SERBIAN<\/mark><\/strong><br>This short course is aimed at mastering the alphabet of a specific language, both spoken and written. The length of the course depends on the student's requirements. This course can also be applied to languages that are written in Latin and the student is interested in mastering the correct pronunciation.<br><\/li>\n<\/ol>\n\n\n\n<p>4.<mark style=\"background-color:rgba(0, 0, 0, 0)\" class=\"has-inline-color has-vivid-cyan-blue-color\"> <strong>THE FASTEST LANGUAGE COURSE<\/strong><\/mark><strong> &#8211; <mark style=\"background-color:rgba(0, 0, 0, 0)\" class=\"has-inline-color has-vivid-green-cyan-color\">ANY LANGUAGE OF YOUR CHOICE<\/mark><\/strong><br>A language workshop where you will learn how to effectively learn a foreign language in the shortest possible time. The workshop is intended for all those who are interested in orienting themselves in everyday situations while staying abroad.<strong> Choose from the following workshops: <\/strong><\/p>\n\n\n\n<p><strong>How to learn the language in 7 days<\/strong><\/p>\n\n\n\n<p><strong>How to learn a foreign language effectively<\/strong><br><\/p>\n\n\n\n<p>5.<mark style=\"background-color:rgba(0, 0, 0, 0)\" class=\"has-inline-color has-vivid-cyan-blue-color\"> <strong>INFORMATIVE PRESENTATIONS ABOUT THE BALKANS AND THE MEDITERRANEAN<\/strong><\/mark><br>\"With every new language, we get to know a new culture.\" For this reason, I have also prepared a number of presentations for you related to languages. You can choose from various topics and the presentations can be prepared according to your requirements. More info <a href=\"https:\/\/a-trips.sk\/en\/category\/poucne-prednasky\/\">HERE<\/a>.<\/p>\n\n\n\n<p><strong>INFO:<\/strong> mk.paula.belucci@gmail.com<br><\/p>\n\n\n\n<p><a href=\"https:\/\/www.facebook.com\/atrips.tripstoadriatic\">https:\/\/www.facebook.com\/atrips.tripstoadriatic<\/a><\/p>","protected":false},"excerpt":{"rendered":"<p>VITAJTE VO SVETE JAZYKOV Radi cestujete a k povinnej v\u00fdbave turistu patr\u00ed pod\u013ea V\u00e1s aj jazyk? Zauj\u00edmaj\u00fa V\u00e1s netradi\u010dn\u00e9 jazyky, ktor\u00e9 vo Va\u0161om okol\u00ed nikto neovl\u00e1da? Radi sk\u00famate veci do h\u013abky a od ostatn\u00fdch sa l\u00ed\u0161ite vedomos\u0165ami? Venujete sa v\u00fdskumu &hellip; <a href=\"https:\/\/a-trips.sk\/en\/learn-a-language\/\">Continue reading <span class=\"meta-nav\">&rarr;<\/span><\/a><\/p>","protected":false},"author":2,"featured_media":1323,"parent":0,"menu_order":0,"comment_status":"open","ping_status":"closed","template":"","meta":{"_monsterinsights_skip_tracking":false,"_monsterinsights_sitenote_active":false,"_monsterinsights_sitenote_note":"","_monsterinsights_sitenote_category":0,"footnotes":""},"class_list":["post-1315","page","type-page","status-publish","has-post-thumbnail","hentry"],"yoast_head":"<!-- This site is optimized with the Yoast SEO plugin v20.1 - https:\/\/yoast.com\/wordpress\/plugins\/seo\/ -->\n<title>A - LANGUAGES - A-TRIPS<\/title>\n<meta name=\"robots\" content=\"index, follow, max-snippet:-1, max-image-preview:large, max-video-preview:-1\" \/>\n<link rel=\"canonical\" href=\"https:\/\/a-trips.sk\/en\/learn-a-language\/\" \/>\n<meta property=\"og:locale\" content=\"en_US\" \/>\n<meta property=\"og:type\" content=\"article\" \/>\n<meta property=\"og:title\" content=\"A - LANGUAGES - A-TRIPS\" \/>\n<meta property=\"og:description\" content=\"VITAJTE VO SVETE JAZYKOV Radi cestujete a k povinnej v\u00fdbave turistu patr\u00ed pod\u013ea V\u00e1s aj jazyk? Zauj\u00edmaj\u00fa V\u00e1s netradi\u010dn\u00e9 jazyky, ktor\u00e9 vo Va\u0161om okol\u00ed nikto neovl\u00e1da? Radi sk\u00famate veci do h\u013abky a od ostatn\u00fdch sa l\u00ed\u0161ite vedomos\u0165ami? Venujete sa v\u00fdskumu &hellip; Continue reading &rarr;\" \/>\n<meta property=\"og:url\" content=\"https:\/\/a-trips.sk\/en\/learn-a-language\/\" \/>\n<meta property=\"og:site_name\" content=\"A-TRIPS\" \/>\n<meta property=\"article:modified_time\" content=\"2023-06-26T15:23:28+00:00\" \/>\n<meta property=\"og:image\" content=\"https:\/\/a-trips.sk\/wp-content\/uploads\/2020\/12\/Netradi\u010dn\u00e9-cudzie-jazyky.jpg\" \/>\n\t<meta property=\"og:image:width\" content=\"1587\" \/>\n\t<meta property=\"og:image:height\" content=\"2245\" \/>\n\t<meta property=\"og:image:type\" content=\"image\/jpeg\" \/>\n<meta name=\"twitter:card\" content=\"summary_large_image\" \/>\n<meta name=\"twitter:label1\" content=\"Est. reading time\" \/>\n\t<meta name=\"twitter:data1\" content=\"2 minutes\" \/>\n<script type=\"application\/ld+json\" class=\"yoast-schema-graph\">{\"@context\":\"https:\/\/schema.org\",\"@graph\":[{\"@type\":\"WebPage\",\"@id\":\"https:\/\/a-trips.sk\/learn-a-language\/\",\"url\":\"https:\/\/a-trips.sk\/learn-a-language\/\",\"name\":\"A - LANGUAGES - A-TRIPS\",\"isPartOf\":{\"@id\":\"https:\/\/a-trips.sk\/#website\"},\"datePublished\":\"2020-12-12T17:35:06+00:00\",\"dateModified\":\"2023-06-26T15:23:28+00:00\",\"breadcrumb\":{\"@id\":\"https:\/\/a-trips.sk\/learn-a-language\/#breadcrumb\"},\"inLanguage\":\"en-US\",\"potentialAction\":[{\"@type\":\"ReadAction\",\"target\":[\"https:\/\/a-trips.sk\/learn-a-language\/\"]}]},{\"@type\":\"BreadcrumbList\",\"@id\":\"https:\/\/a-trips.sk\/learn-a-language\/#breadcrumb\",\"itemListElement\":[{\"@type\":\"ListItem\",\"position\":1,\"name\":\"Home\",\"item\":\"https:\/\/a-trips.sk\/\"},{\"@type\":\"ListItem\",\"position\":2,\"name\":\"A &#8211; LANGUAGES\"}]},{\"@type\":\"WebSite\",\"@id\":\"https:\/\/a-trips.sk\/#website\",\"url\":\"https:\/\/a-trips.sk\/\",\"name\":\"A-TRIPS\",\"description\":\"&quot; Cho\u010f, urob si n\u00e1zor, nau\u010d sa! &quot;\",\"potentialAction\":[{\"@type\":\"SearchAction\",\"target\":{\"@type\":\"EntryPoint\",\"urlTemplate\":\"https:\/\/a-trips.sk\/?s={search_term_string}\"},\"query-input\":\"required name=search_term_string\"}],\"inLanguage\":\"en-US\"}]}<\/script>\n<!-- \/ Yoast SEO plugin. -->","yoast_head_json":{"title":"A - LANGUAGES - A-TRIPS","robots":{"index":"index","follow":"follow","max-snippet":"max-snippet:-1","max-image-preview":"max-image-preview:large","max-video-preview":"max-video-preview:-1"},"canonical":"https:\/\/a-trips.sk\/en\/learn-a-language\/","og_locale":"en_US","og_type":"article","og_title":"A - LANGUAGES - A-TRIPS","og_description":"VITAJTE VO SVETE JAZYKOV Radi cestujete a k povinnej v\u00fdbave turistu patr\u00ed pod\u013ea V\u00e1s aj jazyk? Zauj\u00edmaj\u00fa V\u00e1s netradi\u010dn\u00e9 jazyky, ktor\u00e9 vo Va\u0161om okol\u00ed nikto neovl\u00e1da? Radi sk\u00famate veci do h\u013abky a od ostatn\u00fdch sa l\u00ed\u0161ite vedomos\u0165ami? Venujete sa v\u00fdskumu &hellip; Continue reading &rarr;","og_url":"https:\/\/a-trips.sk\/en\/learn-a-language\/","og_site_name":"A-TRIPS","article_modified_time":"2023-06-26T15:23:28+00:00","og_image":[{"width":1587,"height":2245,"url":"https:\/\/a-trips.sk\/wp-content\/uploads\/2020\/12\/Netradi\u010dn\u00e9-cudzie-jazyky.jpg","type":"image\/jpeg"}],"twitter_card":"summary_large_image","twitter_misc":{"Est. reading time":"2 minutes"},"schema":{"@context":"https:\/\/schema.org","@graph":[{"@type":"WebPage","@id":"https:\/\/a-trips.sk\/learn-a-language\/","url":"https:\/\/a-trips.sk\/learn-a-language\/","name":"A - LANGUAGES - A-TRIPS","isPartOf":{"@id":"https:\/\/a-trips.sk\/#website"},"datePublished":"2020-12-12T17:35:06+00:00","dateModified":"2023-06-26T15:23:28+00:00","breadcrumb":{"@id":"https:\/\/a-trips.sk\/learn-a-language\/#breadcrumb"},"inLanguage":"en-US","potentialAction":[{"@type":"ReadAction","target":["https:\/\/a-trips.sk\/learn-a-language\/"]}]},{"@type":"BreadcrumbList","@id":"https:\/\/a-trips.sk\/learn-a-language\/#breadcrumb","itemListElement":[{"@type":"ListItem","position":1,"name":"Home","item":"https:\/\/a-trips.sk\/"},{"@type":"ListItem","position":2,"name":"A &#8211; LANGUAGES"}]},{"@type":"WebSite","@id":"https:\/\/a-trips.sk\/#website","url":"https:\/\/a-trips.sk\/","name":"A-TRIPS","description":"&quot; Cho\u010f, urob si n\u00e1zor, nau\u010d sa! &quot;","potentialAction":[{"@type":"SearchAction","target":{"@type":"EntryPoint","urlTemplate":"https:\/\/a-trips.sk\/?s={search_term_string}"},"query-input":"required name=search_term_string"}],"inLanguage":"en-US"}]}},"_links":{"self":[{"href":"https:\/\/a-trips.sk\/en\/wp-json\/wp\/v2\/pages\/1315","targetHints":{"allow":["GET"]}}],"collection":[{"href":"https:\/\/a-trips.sk\/en\/wp-json\/wp\/v2\/pages"}],"about":[{"href":"https:\/\/a-trips.sk\/en\/wp-json\/wp\/v2\/types\/page"}],"author":[{"embeddable":true,"href":"https:\/\/a-trips.sk\/en\/wp-json\/wp\/v2\/users\/2"}],"replies":[{"embeddable":true,"href":"https:\/\/a-trips.sk\/en\/wp-json\/wp\/v2\/comments?post=1315"}],"version-history":[{"count":5,"href":"https:\/\/a-trips.sk\/en\/wp-json\/wp\/v2\/pages\/1315\/revisions"}],"predecessor-version":[{"id":22352,"href":"https:\/\/a-trips.sk\/en\/wp-json\/wp\/v2\/pages\/1315\/revisions\/22352"}],"wp:featuredmedia":[{"embeddable":true,"href":"https:\/\/a-trips.sk\/en\/wp-json\/wp\/v2\/media\/1323"}],"wp:attachment":[{"href":"https:\/\/a-trips.sk\/en\/wp-json\/wp\/v2\/media?parent=1315"}],"curies":[{"name":"wp","href":"https:\/\/api.w.org\/{rel}","templated":true}]}}